{"id":15670,"date":"2020-04-02T18:20:07","date_gmt":"2020-04-02T18:20:07","guid":{"rendered":"https:\/\/cdbh.com.br\/voltamonitorada\/?page_id=15670"},"modified":"2020-04-07T17:28:08","modified_gmt":"2020-04-07T17:28:08","slug":"tecnologia-no-esporte","status":"publish","type":"page","link":"https:\/\/cdbh.com.br\/voltamonitorada\/tecnologia-no-esporte\/","title":{"rendered":"Tecnologia no Esporte"},"content":{"rendered":"<p>[vc_row][vc_column width=&#8221;1\/1&#8243;][vc_column_text]<\/p>\n<p style=\"text-align: left;\">Para um melhor desempenho e maior seguran\u00e7a na pr\u00e1tica esportiva, \u00e9 ideal evitar a variabilidade glic\u00eamica, com hiper e hipoglicemia. Para isso, o conhecimento do comportamento glic\u00eamico individualizado \u00e9 essencial, permitindo adequar melhor o tratamento e estrat\u00e9gias educacionais e nutricionais.<\/p>\n<p style=\"text-align: left;\">Tecnologias mais recentes, que n\u00e3o excluem o bom e antigo glicos\u00edmetro e a medida da glicemia com ponta de dedo, podem ajudar nesse objetivo:<\/p>\n<ul>\n<li style=\"text-align: left;\">Bomba de insulina e sensor cont\u00ednuo de glicose (medida de glicose do l\u00edquido intersticial): Ferramentas que possibilitam ajuste mais fino da infus\u00e3o de insulina, maior individualiza\u00e7\u00e3o do tratamento, conhecimento em tempo real do comportamento da glicemia e tend\u00eancias, alarmes e suspens\u00f5es de insulina na hipoglicemia ou com tend\u00eancia a hipoglicemia.<\/li>\n<\/ul>\n<p style=\"text-align: center;\"><a href=\"https:\/\/cdbh.com.br\/tecnologias\/bombas-de-insulina\/\" target=\"_self\" class=\"button blue medium \" style=\"border-radius: 2px;\">SAIBA MAIS EM BOMBA DE INSULINA<\/a>\n<p>&nbsp;<\/p>\n<div id=\"attachment_15671\" style=\"width: 310px\" class=\"wp-caption aligncenter\"><img aria-describedby=\"caption-attachment-15671\" decoding=\"async\" loading=\"lazy\" class=\"size-medium wp-image-15671\" src=\"https:\/\/cdbh.com.br\/voltamonitorada\/wp-content\/uploads\/2020\/04\/0505-300x200.jpg\" alt=\"\" width=\"300\" height=\"200\" srcset=\"https:\/\/cdbh.com.br\/voltamonitorada\/wp-content\/uploads\/2020\/04\/0505-300x200.jpg 300w, https:\/\/cdbh.com.br\/voltamonitorada\/wp-content\/uploads\/2020\/04\/0505-768x513.jpg 768w, https:\/\/cdbh.com.br\/voltamonitorada\/wp-content\/uploads\/2020\/04\/0505-600x400.jpg 600w, https:\/\/cdbh.com.br\/voltamonitorada\/wp-content\/uploads\/2020\/04\/0505.jpg 797w\" sizes=\"(max-width: 300px) 100vw, 300px\" \/><p id=\"caption-attachment-15671\" class=\"wp-caption-text\">Atletas usando bombas de insulina na Volta Monitorada 2019<\/p><\/div>\n<ul>\n<li style=\"text-align: left;\">FreeStyle Libre (sensor que mede a glicose do fluido intersticial): Permite r\u00e1pida monitoriza\u00e7\u00e3o da glicemia, sem dor, associada a setas de tend\u00eancia que facilitam e geram maiores informa\u00e7\u00f5es para a pr\u00e1tica esportiva.<\/li>\n<\/ul>\n<p style=\"text-align: center;\"><a href=\"https:\/\/cdbh.com.br\/tecnologias\/sensor-continuo-de-glicose\/\" target=\"_self\" class=\"button blue medium \" style=\"border-radius: 2px;\">SAIBA MAIS EM SENSOR CONT\u00cdNUO DE GLICOSE<\/a>\n<p>&nbsp;<\/p>\n<div id=\"attachment_15672\" style=\"width: 210px\" class=\"wp-caption aligncenter\"><img aria-describedby=\"caption-attachment-15672\" decoding=\"async\" loading=\"lazy\" class=\"size-medium wp-image-15672\" src=\"https:\/\/cdbh.com.br\/voltamonitorada\/wp-content\/uploads\/2020\/04\/654-200x300.jpg\" alt=\"\" width=\"200\" height=\"300\" srcset=\"https:\/\/cdbh.com.br\/voltamonitorada\/wp-content\/uploads\/2020\/04\/654-200x300.jpg 200w, https:\/\/cdbh.com.br\/voltamonitorada\/wp-content\/uploads\/2020\/04\/654.jpg 341w\" sizes=\"(max-width: 200px) 100vw, 200px\" \/><p id=\"caption-attachment-15672\" class=\"wp-caption-text\">Atleta usando Libre na Volta Monitorada 2016<\/p><\/div>\n<ul>\n<li style=\"text-align: left;\">Medida dos n\u00edveis de cetona: As cetonas s\u00e3o uma subst\u00e2ncia qu\u00edmica produzida pelo corpo quando, devido a uma falta de insulina, este n\u00e3o \u00e9 capaz de usar a glicose como fonte de energia e, em vez disso, come\u00e7a a utilizar a gordura. A identifica\u00e7\u00e3o dos seus n\u00edveis elevados demonstram poss\u00edvel situa\u00e7\u00e3o de risco para o atleta, permitindo abordagem preventiva ou tratamento adequado mais r\u00e1pido.<\/li>\n<\/ul>\n<p>[\/vc_column_text][\/vc_column][\/vc_row]<\/p>\n","protected":false},"excerpt":{"rendered":"<p>[vc_row][vc_column width=&#8221;1\/1&#8243;][vc_column_text] Para um melhor desempenho e maior seguran\u00e7a na pr\u00e1tica esportiva, \u00e9 ideal evitar a variabilidade glic\u00eamica, com hiper e hipoglicemia. Para isso, o conhecimento do comportamento glic\u00eamico individualizado \u00e9 essencial, permitindo adequar melhor o tratamento e estrat\u00e9gias educacionais e nutricionais. Tecnologias mais recentes, que n\u00e3o excluem o bom e antigo glicos\u00edmetro e a medida da glicemia com ponta de dedo, podem ajudar nesse objetivo: Bomba de insulina e sensor cont\u00ednuo de glicose (medida de glicose do l\u00edquido intersticial): Ferramentas que possibilitam ajuste mais fino da infus\u00e3o de insulina, maior individualiza\u00e7\u00e3o do tratamento, conhecimento em tempo real do comportamento da glicemia e tend\u00eancias, alarmes e suspens\u00f5es de insulina na hipoglicemia ou com tend\u00eancia a hipoglicemia. &nbsp; FreeStyle Libre (sensor que mede a glicose do fluido intersticial): Permite r\u00e1pida monitoriza\u00e7\u00e3o da glicemia, sem dor, associada a setas de tend\u00eancia que facilitam e geram maiores informa\u00e7\u00f5es para a pr\u00e1tica esportiva. &nbsp; Medida dos n\u00edveis de cetona: As cetonas s\u00e3o uma subst\u00e2ncia qu\u00edmica produzida pelo corpo quando, devido a uma falta de insulina, este n\u00e3o \u00e9 capaz de usar a glicose como fonte de energia e, em vez disso, come\u00e7a a utilizar a gordura. A identifica\u00e7\u00e3o dos seus n\u00edveis elevados demonstram poss\u00edvel [&hellip;]<\/p>\n","protected":false},"author":1,"featured_media":0,"parent":0,"menu_order":0,"comment_status":"closed","ping_status":"closed","template":"","meta":[],"_links":{"self":[{"href":"https:\/\/cdbh.com.br\/voltamonitorada\/wp-json\/wp\/v2\/pages\/15670"}],"collection":[{"href":"https:\/\/cdbh.com.br\/voltamonitorada\/wp-json\/wp\/v2\/pages"}],"about":[{"href":"https:\/\/cdbh.com.br\/voltamonitorada\/wp-json\/wp\/v2\/types\/page"}],"author":[{"embeddable":true,"href":"https:\/\/cdbh.com.br\/voltamonitorada\/wp-json\/wp\/v2\/users\/1"}],"replies":[{"embeddable":true,"href":"https:\/\/cdbh.com.br\/voltamonitorada\/wp-json\/wp\/v2\/comments?post=15670"}],"version-history":[{"count":8,"href":"https:\/\/cdbh.com.br\/voltamonitorada\/wp-json\/wp\/v2\/pages\/15670\/revisions"}],"predecessor-version":[{"id":15716,"href":"https:\/\/cdbh.com.br\/voltamonitorada\/wp-json\/wp\/v2\/pages\/15670\/revisions\/15716"}],"wp:attachment":[{"href":"https:\/\/cdbh.com.br\/voltamonitorada\/wp-json\/wp\/v2\/media?parent=15670"}],"curies":[{"name":"wp","href":"https:\/\/api.w.org\/{rel}","templated":true}]}}