{"id":15677,"date":"2020-04-02T18:29:10","date_gmt":"2020-04-02T18:29:10","guid":{"rendered":"https:\/\/cdbh.com.br\/voltamonitorada\/?page_id=15677"},"modified":"2020-04-07T17:18:23","modified_gmt":"2020-04-07T17:18:23","slug":"programa-multidisciplinar","status":"publish","type":"page","link":"https:\/\/cdbh.com.br\/voltamonitorada\/programa-multidisciplinar\/","title":{"rendered":"Programa Multidisciplinar"},"content":{"rendered":"<p>[vc_row][vc_column width=&#8221;1\/1&#8243;][vc_column_text]<\/p>\n<p style=\"text-align: left;\">Ter o suporte multidisciplinar no cuidado com o diabetes e atividade f\u00edsica faz toda a diferen\u00e7a. Para isso, contamos com um time de profissionais: Endocrinologista, educador em diabetes, nutricionista e assessoria esportiva para corrida.<\/p>\n<p style=\"text-align: left;\">O programa de avalia\u00e7\u00f5es \u00e9 realizado no Centro de Diabetes de Belo Horizonte com custo acess\u00edvel para quem \u00e9 integrante da Volta Monitorada.<\/p>\n<p><strong><a href=\"http:\/\/cdbh.com.br\" target=\"_self\" class=\"button blue medium \" style=\"border-radius: 2px;\">SITE CDBH<\/a><\/strong><\/p>\n<p style=\"text-align: left;\">Se interessou? Clique <a href=\"https:\/\/cdbh.com.br\/voltamonitorada\/#facaparte\">aqui<\/a> Preencha o formul\u00e1rio de participa\u00e7\u00e3o e entraremos em contato.<\/p>\n<p>[\/vc_column_text][\/vc_column][\/vc_row]<\/p>\n","protected":false},"excerpt":{"rendered":"<p>[vc_row][vc_column width=&#8221;1\/1&#8243;][vc_column_text] Ter o suporte multidisciplinar no cuidado com o diabetes e atividade f\u00edsica faz toda a diferen\u00e7a. Para isso, contamos com um time de profissionais: Endocrinologista, educador em diabetes, nutricionista e assessoria esportiva para corrida. O programa de avalia\u00e7\u00f5es \u00e9 realizado no Centro de Diabetes de Belo Horizonte com custo acess\u00edvel para quem \u00e9 integrante da Volta Monitorada. Se interessou? Clique aqui Preencha o formul\u00e1rio de participa\u00e7\u00e3o e entraremos em contato. [\/vc_column_text][\/vc_column][\/vc_row]<\/p>\n","protected":false},"author":1,"featured_media":0,"parent":0,"menu_order":0,"comment_status":"closed","ping_status":"closed","template":"","meta":[],"_links":{"self":[{"href":"https:\/\/cdbh.com.br\/voltamonitorada\/wp-json\/wp\/v2\/pages\/15677"}],"collection":[{"href":"https:\/\/cdbh.com.br\/voltamonitorada\/wp-json\/wp\/v2\/pages"}],"about":[{"href":"https:\/\/cdbh.com.br\/voltamonitorada\/wp-json\/wp\/v2\/types\/page"}],"author":[{"embeddable":true,"href":"https:\/\/cdbh.com.br\/voltamonitorada\/wp-json\/wp\/v2\/users\/1"}],"replies":[{"embeddable":true,"href":"https:\/\/cdbh.com.br\/voltamonitorada\/wp-json\/wp\/v2\/comments?post=15677"}],"version-history":[{"count":5,"href":"https:\/\/cdbh.com.br\/voltamonitorada\/wp-json\/wp\/v2\/pages\/15677\/revisions"}],"predecessor-version":[{"id":15711,"href":"https:\/\/cdbh.com.br\/voltamonitorada\/wp-json\/wp\/v2\/pages\/15677\/revisions\/15711"}],"wp:attachment":[{"href":"https:\/\/cdbh.com.br\/voltamonitorada\/wp-json\/wp\/v2\/media?parent=15677"}],"curies":[{"name":"wp","href":"https:\/\/api.w.org\/{rel}","templated":true}]}}