{"id":5512,"date":"2014-03-21T13:16:03","date_gmt":"2014-03-21T13:16:03","guid":{"rendered":"http:\/\/localhost:8888\/themes\/ventory\/?page_id=5512"},"modified":"2022-05-19T09:27:15","modified_gmt":"2022-05-19T12:27:15","slug":"home-onepage","status":"publish","type":"page","link":"https:\/\/cdbh.com.br\/voltamonitorada\/","title":{"rendered":"Home"},"content":{"rendered":"<p>[vc_row type=&#8221;full_width_section&#8221; bg_position=&#8221;left top&#8221;][vc_column width=&#8221;1\/1&#8243;][rev_slider_vc alias=&#8221;fullscreen&#8221;][\/vc_column][\/vc_row][vc_row top_padding=&#8221;50&#8243; row_id=&#8221;quemsomos&#8221; bg_position=&#8221;left top&#8221;][vc_column width=&#8221;1\/2&#8243;]<div class=\"video-embed  wpb_content_element\"><iframe title=\"VOLTA MONITORADA INSTITUCIONAL 2019\" width=\"1161\" height=\"653\" src=\"https:\/\/www.youtube.com\/embed\/Li_bAbK_204?feature=oembed\" frameborder=\"0\" allow=\"accelerometer; autoplay; clipboard-write; encrypted-media; gyroscope; picture-in-picture; web-share\" referrerpolicy=\"strict-origin-when-cross-origin\" allowfullscreen><\/iframe><\/div>[\/vc_column][vc_column width=&#8221;1\/2&#8243;][vc_column_text]<\/p>\n<h1>QUEM SOMOS<\/h1>\n<p style=\"text-align: left;\">O Projeto Volta Monitorada \u00e9 uma a\u00e7\u00e3o pioneira e GRATUITA realizada pelo Centro de Diabetes de Belo Horizonte desde 2009, que busca a inser\u00e7\u00e3o de pessoas com diabetes no ambiente esportivo, aumentando sa\u00fade e diminuindo preconceitos.<\/p>\n<p style=\"text-align: left;\">O projeto consiste no acompanhamento profissional multidisciplinar ao atleta participante. Al\u00e9m da participa\u00e7\u00e3o na corrida da Lagoa da Pampulha, s\u00e3o realizados treinos junto a uma a\u00e7\u00e3o de sa\u00fade aberta ao p\u00fablico, participa\u00e7\u00f5es em eventos, campanhas educativas para a comunidade, capacita\u00e7\u00e3o de profissionais de sa\u00fade no meio esportivo e em diabetes, reuni\u00f5es cient\u00edficas e encontros entre pessoas com diabetes, centrando a comunica\u00e7\u00e3o em sa\u00fade e gerando qualidade de vida.<\/p>\n<p>[\/vc_column_text][\/vc_column][\/vc_row][vc_row row_id=&#8221;voltamonitorada&#8221;][vc_column width=&#8221;1\/1&#8243;]<div class=\"divider divider4\" style='margin:60px 0 20px 0 !important;'><\/div>[\/vc_column][\/vc_row][vc_row top_padding=&#8221;40&#8243; bottom_padding=&#8221;40&#8243; row_id=&#8221;midia&#8221;][vc_column width=&#8221;1\/1&#8243;][vc_column_text]<\/p>\n<h1>Volta Monitorada na M\u00eddia<\/h1>\n<p style=\"text-align: left;\">O projeto Volta Monitorada acontece desde 2009 motivando sa\u00fade e j\u00e1 reuniu mais de 300 atletas com diabetes e mais de 100 profissionais.<\/p>\n<p style=\"text-align: left;\">Acompanhe nossas atividades e nos conhe\u00e7a mais atrav\u00e9s das redes sociais e da nossa galeria de fotos e v\u00eddeos.<\/p>\n<p style=\"text-align: center;\"><a href=\"https:\/\/www.youtube.com\/channel\/UCrhWKFTC763R4iVAgAsvoXA\" target=\"_blank\" class=\"button green medium \" style=\"border-radius: 2px;\"><i class='fa fa-youtube-play'><\/i>Canal CDBH Volta Monitorada<\/a>\n<p>[\/vc_column_text][\/vc_column][\/vc_row][vc_row top_padding=&#8221;40&#8243; bottom_padding=&#8221;40&#8243;][vc_column width=&#8221;1\/1&#8243;][vc_row_inner][vc_column_inner width=&#8221;1\/4&#8243;][\/vc_column_inner][vc_column_inner width=&#8221;1\/4&#8243;]<div onclick=\"location.href='https:\/\/pt-br.facebook.com\/pg\/voltamonitorada';\" style=\"cursor:pointer;\"><div class=\"iconbox  wpb_content_element iconbox-style-1 icon-color-custom color-dark animation-none\"><h3><i class=\"fa fa-facebook-square boxicon\" style=\"color: #1e73be;\"><\/i><span>Facebook<\/span><\/h3><p><\/p><\/div><\/div>[\/vc_column_inner][vc_column_inner width=&#8221;1\/4&#8243;]<div onclick=\"location.href='https:\/\/www.instagram.com\/voltamonitorada\/';\" style=\"cursor:pointer;\"><div class=\"iconbox  wpb_content_element iconbox-style-1 icon-color-custom color-dark animation-none\"><h3><i class=\"fa fa-instagram boxicon\" style=\"color: #9d26f2;\"><\/i><span>Instagram<\/span><\/h3><p><\/p><\/div><\/div>[\/vc_column_inner][vc_column_inner width=&#8221;1\/4&#8243;][\/vc_column_inner][\/vc_row_inner][\/vc_column][\/vc_row][vc_row][vc_column width=&#8221;1\/1&#8243;]<div class=\"spacer\" style=\"height: 20px;\"><\/div>[\/vc_column][\/vc_row][vc_row top_padding=&#8221;50&#8243; bottom_padding=&#8221;40&#8243; row_id=&#8221;facaparte&#8221;][vc_column width=&#8221;1\/2&#8243;][vc_column_text]<\/p>\n<h1>FA\u00c7A PARTE DO NOSSO PROJETO<\/h1>\n<p style=\"text-align: left;\">Quem pode participar?<\/p>\n<p style=\"text-align: left;\">Qualquer pessoa com diabetes, tipo 1 ou tipo 2, maior de 18 anos de idade, que j\u00e1 corre ou que tem vontade de correr pode participar do Projeto Volta Monitorada.<\/p>\n<p style=\"text-align: left;\">Como participar?<\/p>\n<p style=\"text-align: left;\">\u00c9 simples! Nosso projeto n\u00e3o tem fins lucrativos. Basta preencher o formul\u00e1rio de interesse ao lado. Uma de nossas consultoras entrar\u00e1 em contato explicando melhor como funciona a Volta Monitorada, calend\u00e1rio oficial e outros detalhes extras.<\/p>\n<p style=\"text-align: left;\">Venha vestir tamb\u00e9m essa camisa e fazer parte do nosso time!<\/p>\n<p>[\/vc_column_text][\/vc_column][vc_column width=&#8221;1\/2&#8243;]<div class=\"cf7sg-container\"><div id=\"cf7sg-form-form-faca-parte\" class=\"cf7-smart-grid has-grid key_form-faca-parte\"><div role=\"form\" class=\"wpcf7\" id=\"wpcf7-f15567-o1\" lang=\"pt-BR\" dir=\"ltr\">\n<div class=\"screen-reader-response\"><\/div>\n<form action=\"\/voltamonitorada\/wp-json\/wp\/v2\/pages\/5512#wpcf7-f15567-o1\" method=\"post\" class=\"wpcf7-form\" novalidate=\"novalidate\">\n<div style=\"display: none;\">\n<input type=\"hidden\" name=\"_wpcf7\" value=\"15567\" \/>\n<input type=\"hidden\" name=\"_wpcf7_version\" value=\"5.1.7\" \/>\n<input type=\"hidden\" name=\"_wpcf7_locale\" value=\"pt_BR\" \/>\n<input type=\"hidden\" name=\"_wpcf7_unit_tag\" value=\"wpcf7-f15567-o1\" \/>\n<input type=\"hidden\" name=\"_wpcf7_container_post\" value=\"0\" \/>\n<input type=\"hidden\" name=\"_wpcf7_key\" value=\"form-faca-parte\" \/>\n<input type=\"hidden\" name=\"_cf7sg_toggles\" value=\"\" \/>\n<input type=\"hidden\" name=\"_cf7sg_version\" value=\"3.1.2\" \/>\n<\/div>\n<div class=\"container\">\n  <div class=\"row\">\n    <div class=\"columns full\">\n      <div class=\"container\">\n        <div class=\"row\">\n          <div class=\"columns full\">\n            <div class=\"field\"><label>Nome Completo: <em>*<\/em><\/label><span class=\"wpcf7-form-control-wrap nome\"><input type=\"text\" name=\"nome\" value=\"\" size=\"40\" class=\"wpcf7-form-control wpcf7-text wpcf7-validates-as-required\" aria-required=\"true\" aria-invalid=\"false\" \/><\/span>\n              <p class=\"info-tip\"><\/p>\n            <\/div>\n          <\/div>\n        <\/div>\n      <\/div>\n      <div class=\"container\">\n        <div class=\"row\">\n          <div class=\"columns full\">\n            <div class=\"field\"><label>E-mail: <em>*<\/em><\/label><span class=\"wpcf7-form-control-wrap email\"><input type=\"email\" name=\"email\" value=\"\" size=\"40\" class=\"wpcf7-form-control wpcf7-text wpcf7-email wpcf7-validates-as-required wpcf7-validates-as-email\" aria-required=\"true\" aria-invalid=\"false\" \/><\/span>\n              <p class=\"info-tip\"><\/p>\n            <\/div>\n          <\/div>\n        <\/div>\n      <\/div>\n      <div class=\"container\">\n        <div class=\"row\">\n          <div class=\"columns one-fourth\">\n            <div class=\"field\"><label>Idade: <em>*<\/em><\/label><span class=\"wpcf7-form-control-wrap idade\"><input type=\"number\" name=\"idade\" value=\"\" class=\"wpcf7-form-control wpcf7-number wpcf7-validates-as-required wpcf7-validates-as-number\" min=\"1\" max=\"120\" aria-required=\"true\" aria-invalid=\"false\" \/><\/span>\n              <p class=\"info-tip\"><\/p>\n            <\/div>\n          <\/div>\n          <div class=\"columns nine\">\n            <div class=\"field\"><label>Telefone ou WhatsApp: <em>*<\/em><\/label><span class=\"wpcf7-form-control-wrap tel\"><input type=\"tel\" name=\"tel\" value=\"\" size=\"40\" class=\"wpcf7-form-control wpcf7-text wpcf7-tel wpcf7-validates-as-required wpcf7-validates-as-tel\" aria-required=\"true\" aria-invalid=\"false\" \/><\/span>\n              <p class=\"info-tip\">Ex: 31988887777<\/p>\n            <\/div>\n          <\/div>\n        <\/div>\n      <\/div>\n      <div class=\"container\">\n        <div class=\"row\">\n          <div class=\"columns one-half\">\n            <div class=\"field\"><label>Cidade: <em>*<\/em><\/label><span class=\"wpcf7-form-control-wrap cidade\"><input type=\"text\" name=\"cidade\" value=\"\" size=\"40\" class=\"wpcf7-form-control wpcf7-text wpcf7-validates-as-required\" aria-required=\"true\" aria-invalid=\"false\" \/><\/span>\n              <p class=\"info-tip\"><\/p>\n            <\/div>\n          <\/div>\n          <div class=\"columns one-half\">\n            <div class=\"field\"><label>Estado: <em>*<\/em><\/label><span class=\"wpcf7-form-control-wrap estado\"><input type=\"text\" name=\"estado\" value=\"\" size=\"40\" class=\"wpcf7-form-control wpcf7-text wpcf7-validates-as-required\" aria-required=\"true\" aria-invalid=\"false\" \/><\/span>\n              <p class=\"info-tip\"><\/p>\n            <\/div>\n          <\/div>\n        <\/div>\n      <\/div>\n      <div class=\"container\">\n        <div class=\"row\">\n          <div class=\"columns one-half\">\n            <div class=\"field\"><label>Corre h\u00e1 quanto tempo? <em>*<\/em><\/label><span class=\"wpcf7-form-control-wrap corre\"><input type=\"text\" name=\"corre\" value=\"\" size=\"40\" class=\"wpcf7-form-control wpcf7-text wpcf7-validates-as-required\" aria-required=\"true\" aria-invalid=\"false\" \/><\/span>\n              <p class=\"info-tip\"><\/p>\n            <\/div>\n          <\/div>\n          <div class=\"columns one-half\">\n            <div class=\"field\"><label>Como conheceu a volta? <em>*<\/em><\/label><span class=\"wpcf7-form-control-wrap conheceu\"><input type=\"text\" name=\"conheceu\" value=\"\" size=\"40\" class=\"wpcf7-form-control wpcf7-text wpcf7-validates-as-required\" aria-required=\"true\" aria-invalid=\"false\" \/><\/span>\n              <p class=\"info-tip\"><\/p>\n            <\/div>\n          <\/div>\n        <\/div>\n      <\/div>\n      <div class=\"container\">\n        <div class=\"row\">\n          <div class=\"columns full\">\n            <div class=\"field\"><label>Por que quer participar do projeto? <em>*<\/em><\/label><span class=\"wpcf7-form-control-wrap participar\"><textarea name=\"participar\" cols=\"40\" rows=\"5\" class=\"wpcf7-form-control wpcf7-textarea wpcf7-validates-as-required\" aria-required=\"true\" aria-invalid=\"false\"><\/textarea><\/span>\n              <p class=\"info-tip\"><\/p>\n            <\/div>\n          <\/div>\n        <\/div>\n      <\/div>\n      <div class=\"container\">\n        <div class=\"row\">\n          <div class=\"columns one-half\">\n            <div class=\"field\"><label>Tem diagn\u00f3stico de diabetes h\u00e1 quanto tempo? <em>*<\/em><\/label><span class=\"wpcf7-form-control-wrap diagnostico\"><input type=\"text\" name=\"diagnostico\" value=\"\" size=\"40\" class=\"wpcf7-form-control wpcf7-text wpcf7-validates-as-required\" aria-required=\"true\" aria-invalid=\"false\" \/><\/span>\n              <p class=\"info-tip\"><\/p>\n            <\/div>\n          <\/div>\n          <div class=\"columns one-half\">\n            <div class=\"field\"><label>Qual o tipo de diabetes? <em>*<\/em><\/label><span class=\"wpcf7-form-control-wrap tipo\"><input type=\"text\" name=\"tipo\" value=\"\" size=\"40\" class=\"wpcf7-form-control wpcf7-text wpcf7-validates-as-required\" aria-required=\"true\" aria-invalid=\"false\" \/><\/span>\n              <p class=\"info-tip\"><\/p>\n            <\/div>\n          <\/div>\n        <\/div>\n      <\/div>\n      <div class=\"container\">\n        <div class=\"row\">\n          <div class=\"columns one-third\">\n            <div class=\"field\"><label>Usa insulina? <\/label><span class=\"wpcf7-form-control-wrap insulina\"><span class=\"wpcf7-form-control wpcf7-radio\"><span class=\"wpcf7-list-item first\"><label><input type=\"radio\" name=\"insulina\" value=\"Sim\" \/><span class=\"wpcf7-list-item-label\">Sim<\/span><\/label><\/span><span class=\"wpcf7-list-item last\"><label><input type=\"radio\" name=\"insulina\" value=\"N\u00e3o\" \/><span class=\"wpcf7-list-item-label\">N\u00e3o<\/span><\/label><\/span><\/span><\/span>\n              <p class=\"info-tip\"><\/p>\n            <\/div>\n          <\/div>\n          <div class=\"columns two-thirds\">\n            <div class=\"field\"><label>Tratamento com canetas ou bomba de insulina? <em>*<\/em><\/label><span class=\"wpcf7-form-control-wrap aplicacao\"><input type=\"text\" name=\"aplicacao\" value=\"\" size=\"40\" class=\"wpcf7-form-control wpcf7-text wpcf7-validates-as-required\" aria-required=\"true\" aria-invalid=\"false\" \/><\/span>\n              <p class=\"info-tip\"><\/p>\n            <\/div>\n          <\/div>\n        <\/div>\n      <\/div>\n      <div class=\"container\">\n        <div class=\"row\">\n          <div class=\"columns full cf7sgfocus\">\n            <div class=\"field\"><label><\/label><input type=\"submit\" value=\"Enviar Formul\u00e1rio\" class=\"wpcf7-form-control wpcf7-submit\" \/>\n              <p class=\"info-tip\">Antes de enviar, confira se os dados est\u00e3o corretos.<\/p>\n            <\/div>\n          <\/div>\n        <\/div>\n      <\/div>\n    <\/div>\n  <\/div>\n<\/div><div class=\"wpcf7-response-output wpcf7-display-none\"><\/div><\/form><\/div><\/div><\/div>[\/vc_column][\/vc_row][vc_row type=&#8221;full_width_section&#8221; top_padding=&#8221;0&#8243; bottom_padding=&#8221;0&#8243;][vc_column width=&#8221;1\/1&#8243;]<div class=\"divider divider1\" style='margin:0 !important;'><\/div>[\/vc_column][\/vc_row][vc_row bg_color=&#8221;#ffffff&#8221; text_align=&#8221;center&#8221; top_padding=&#8221;60&#8243; bottom_padding=&#8221;50&#8243; row_id=&#8221;quemapoia&#8221; bg_position=&#8221;left top&#8221;][vc_column width=&#8221;1\/6&#8243;]<div class=\"single_image wpb_content_element align-center    \" data-animation=\"none\" data-delay=\"0\"><a href=\"http:\/\/cdbh.com.br\" target=\"_self\"><img width=\"183\" height=\"62\" src=\"https:\/\/cdbh.com.br\/voltamonitorada\/wp-content\/uploads\/2018\/02\/cdbh.png\" class=\"attachment-full\" alt=\"\" decoding=\"async\" loading=\"lazy\" \/><\/a><\/div>[\/vc_column][vc_column width=&#8221;1\/6&#8243;]<div class=\"single_image wpb_content_element align-center    \" data-animation=\"none\" data-delay=\"0\"><img width=\"183\" height=\"62\" src=\"https:\/\/cdbh.com.br\/voltamonitorada\/wp-content\/uploads\/2020\/04\/medtronic.png\" class=\"attachment-full\" alt=\"\" decoding=\"async\" loading=\"lazy\" \/><\/div>[\/vc_column][vc_column width=&#8221;1\/6&#8243;]<div class=\"single_image wpb_content_element align-center    \" data-animation=\"none\" data-delay=\"0\"><img width=\"183\" height=\"62\" src=\"https:\/\/cdbh.com.br\/voltamonitorada\/wp-content\/uploads\/2018\/02\/abbott.png\" class=\"attachment-full\" alt=\"\" decoding=\"async\" loading=\"lazy\" \/><\/div>[\/vc_column][vc_column width=&#8221;1\/6&#8243;]<div class=\"single_image wpb_content_element align-center    \" data-animation=\"none\" data-delay=\"0\"><img width=\"183\" height=\"62\" src=\"https:\/\/cdbh.com.br\/voltamonitorada\/wp-content\/uploads\/2020\/04\/logo-nordisk.png\" class=\"attachment-full\" alt=\"\" decoding=\"async\" loading=\"lazy\" \/><\/div>[\/vc_column][vc_column width=&#8221;1\/6&#8243;]<div class=\"single_image wpb_content_element align-center    \" data-animation=\"none\" data-delay=\"0\"><img width=\"183\" height=\"62\" src=\"https:\/\/cdbh.com.br\/voltamonitorada\/wp-content\/uploads\/2020\/04\/logo-biomm.png\" class=\"attachment-full\" alt=\"\" decoding=\"async\" loading=\"lazy\" \/><\/div>[\/vc_column][vc_column width=&#8221;1\/6&#8243;]<div class=\"single_image wpb_content_element align-center    \" data-animation=\"none\" data-delay=\"0\"><img width=\"183\" height=\"62\" src=\"https:\/\/cdbh.com.br\/voltamonitorada\/wp-content\/uploads\/2020\/04\/logo-def.png\" class=\"attachment-full\" alt=\"\" decoding=\"async\" loading=\"lazy\" \/><\/div>[\/vc_column][\/vc_row][vc_row bg_color=&#8221;#ffffff&#8221; text_align=&#8221;center&#8221; top_padding=&#8221;60&#8243; bottom_padding=&#8221;50&#8243; bg_position=&#8221;left top&#8221;][vc_column width=&#8221;1\/6&#8243;]<div class=\"single_image wpb_content_element align-center    \" data-animation=\"none\" data-delay=\"0\"><a href=\"http:\/\/cdbh.com.br\" target=\"_self\"><img width=\"183\" height=\"62\" src=\"https:\/\/cdbh.com.br\/voltamonitorada\/wp-content\/uploads\/2020\/04\/logo-accu.png\" class=\"attachment-full\" alt=\"\" decoding=\"async\" loading=\"lazy\" \/><\/a><\/div>[\/vc_column][vc_column width=&#8221;1\/6&#8243;]<div class=\"single_image wpb_content_element align-center    \" data-animation=\"none\" data-delay=\"0\"><img width=\"183\" height=\"62\" src=\"https:\/\/cdbh.com.br\/voltamonitorada\/wp-content\/uploads\/2020\/04\/logo-glico.png\" class=\"attachment-full\" alt=\"\" decoding=\"async\" loading=\"lazy\" \/><\/div>[\/vc_column][vc_column width=&#8221;1\/6&#8243;]<div class=\"single_image wpb_content_element align-center    \" data-animation=\"none\" data-delay=\"0\"><img width=\"183\" height=\"62\" src=\"https:\/\/cdbh.com.br\/voltamonitorada\/wp-content\/uploads\/2020\/04\/logo-suum.png\" class=\"attachment-full\" alt=\"\" decoding=\"async\" loading=\"lazy\" \/><\/div>[\/vc_column][vc_column width=&#8221;1\/6&#8243;]<div class=\"single_image wpb_content_element align-center    \" data-animation=\"none\" data-delay=\"0\"><img width=\"183\" height=\"62\" src=\"https:\/\/cdbh.com.br\/voltamonitorada\/wp-content\/uploads\/2020\/04\/logo-mardico.png\" class=\"attachment-full\" alt=\"\" decoding=\"async\" loading=\"lazy\" \/><\/div>[\/vc_column][vc_column width=&#8221;1\/6&#8243;]<div class=\"single_image wpb_content_element align-center    \" data-animation=\"none\" data-delay=\"0\"><img width=\"183\" height=\"62\" src=\"https:\/\/cdbh.com.br\/voltamonitorada\/wp-content\/uploads\/2020\/04\/logo-famoso.png\" class=\"attachment-full\" alt=\"\" decoding=\"async\" loading=\"lazy\" \/><\/div>[\/vc_column][vc_column width=&#8221;1\/6&#8243;]<div class=\"single_image wpb_content_element align-center    \" data-animation=\"none\" data-delay=\"0\"><img width=\"183\" height=\"62\" src=\"https:\/\/cdbh.com.br\/voltamonitorada\/wp-content\/uploads\/2020\/04\/logo-araujo.png\" class=\"attachment-full\" alt=\"\" decoding=\"async\" loading=\"lazy\" \/><\/div>[\/vc_column][\/vc_row]<\/p>\n","protected":false},"excerpt":{"rendered":"<p>[vc_row type=&#8221;full_width_section&#8221; bg_position=&#8221;left top&#8221;][vc_column width=&#8221;1\/1&#8243;][rev_slider_vc alias=&#8221;fullscreen&#8221;][\/vc_column][\/vc_row][vc_row top_padding=&#8221;50&#8243; row_id=&#8221;quemsomos&#8221; bg_position=&#8221;left top&#8221;][vc_column width=&#8221;1\/2&#8243;][\/vc_column][vc_column width=&#8221;1\/2&#8243;][vc_column_text] QUEM SOMOS O Projeto Volta Monitorada \u00e9 uma a\u00e7\u00e3o pioneira e GRATUITA realizada pelo Centro de Diabetes de Belo Horizonte desde 2009, que busca a inser\u00e7\u00e3o de pessoas com diabetes no ambiente esportivo, aumentando sa\u00fade e diminuindo preconceitos. O projeto consiste no acompanhamento profissional multidisciplinar ao atleta participante. Al\u00e9m da participa\u00e7\u00e3o na corrida da Lagoa da Pampulha, s\u00e3o realizados treinos junto a uma a\u00e7\u00e3o de sa\u00fade aberta ao p\u00fablico, participa\u00e7\u00f5es em eventos, campanhas educativas para a comunidade, capacita\u00e7\u00e3o de profissionais de sa\u00fade no meio esportivo e em diabetes, reuni\u00f5es cient\u00edficas e encontros entre pessoas com diabetes, centrando a comunica\u00e7\u00e3o em sa\u00fade e gerando qualidade de vida. [\/vc_column_text][\/vc_column][\/vc_row][vc_row row_id=&#8221;voltamonitorada&#8221;][vc_column width=&#8221;1\/1&#8243;][\/vc_column][\/vc_row][vc_row top_padding=&#8221;40&#8243; bottom_padding=&#8221;40&#8243; row_id=&#8221;midia&#8221;][vc_column width=&#8221;1\/1&#8243;][vc_column_text] Volta Monitorada na M\u00eddia O projeto Volta Monitorada acontece desde 2009 motivando sa\u00fade e j\u00e1 reuniu mais de 300 atletas com diabetes e mais de 100 profissionais. Acompanhe nossas atividades e nos conhe\u00e7a mais atrav\u00e9s das redes sociais e da nossa galeria de fotos e v\u00eddeos. [\/vc_column_text][\/vc_column][\/vc_row][vc_row top_padding=&#8221;40&#8243; bottom_padding=&#8221;40&#8243;][vc_column width=&#8221;1\/1&#8243;][vc_row_inner][vc_column_inner width=&#8221;1\/4&#8243;][\/vc_column_inner][vc_column_inner width=&#8221;1\/4&#8243;][\/vc_column_inner][vc_column_inner width=&#8221;1\/4&#8243;][\/vc_column_inner][vc_column_inner width=&#8221;1\/4&#8243;][\/vc_column_inner][\/vc_row_inner][\/vc_column][\/vc_row][vc_row][vc_column width=&#8221;1\/1&#8243;][\/vc_column][\/vc_row][vc_row top_padding=&#8221;50&#8243; bottom_padding=&#8221;40&#8243; row_id=&#8221;facaparte&#8221;][vc_column width=&#8221;1\/2&#8243;][vc_column_text] FA\u00c7A PARTE DO NOSSO PROJETO Quem pode participar? Qualquer pessoa com diabetes, tipo 1 ou tipo [&hellip;]<\/p>\n","protected":false},"author":1,"featured_media":0,"parent":0,"menu_order":0,"comment_status":"open","ping_status":"open","template":"","meta":[],"_links":{"self":[{"href":"https:\/\/cdbh.com.br\/voltamonitorada\/wp-json\/wp\/v2\/pages\/5512"}],"collection":[{"href":"https:\/\/cdbh.com.br\/voltamonitorada\/wp-json\/wp\/v2\/pages"}],"about":[{"href":"https:\/\/cdbh.com.br\/voltamonitorada\/wp-json\/wp\/v2\/types\/page"}],"author":[{"embeddable":true,"href":"https:\/\/cdbh.com.br\/voltamonitorada\/wp-json\/wp\/v2\/users\/1"}],"replies":[{"embeddable":true,"href":"https:\/\/cdbh.com.br\/voltamonitorada\/wp-json\/wp\/v2\/comments?post=5512"}],"version-history":[{"count":41,"href":"https:\/\/cdbh.com.br\/voltamonitorada\/wp-json\/wp\/v2\/pages\/5512\/revisions"}],"predecessor-version":[{"id":15771,"href":"https:\/\/cdbh.com.br\/voltamonitorada\/wp-json\/wp\/v2\/pages\/5512\/revisions\/15771"}],"wp:attachment":[{"href":"https:\/\/cdbh.com.br\/voltamonitorada\/wp-json\/wp\/v2\/media?parent=5512"}],"curies":[{"name":"wp","href":"https:\/\/api.w.org\/{rel}","templated":true}]}}